{"id":1322,"date":"2022-12-02T14:24:40","date_gmt":"2022-12-02T13:24:40","guid":{"rendered":"http:\/\/dev.easywood.fr\/?page_id=1322"},"modified":"2022-12-16T11:43:54","modified_gmt":"2022-12-16T10:43:54","slug":"mentions-legales","status":"publish","type":"page","link":"https:\/\/www.littlegiantmodular.fr\/en\/mentions-legales\/","title":{"rendered":"Legal Notice"},"content":{"rendered":"<h2>WEBSITE OWNER<\/h2>\n<p>Company name: Little Giant Modular<br \/>\nHeadquarters address: 149 Avenue du Maine, 75014 Paris<br \/>\nManager: Mr. Patrick Barri\u00e8re<\/p>\n<h2>THE WEBSITE EDITOR<\/h2>\n<p>Pierre Prat<br \/>\n20 rue Herm\u00e8s, 31520 Ramonville<\/p>\n<h2>WEBSITE EDITORIAL MANAGER<\/h2>\n<p>Responsible for publication: Mr. Barri\u00e8re<br \/>\nEditorial manager: Mr. Barri\u00e8re<\/p>\n<h2>WEBSITE HOST<\/h2>\n<p>OVH SAS<br \/>\nSAS with capital of \u20ac10,059,500<br \/>\nRCS Lille M\u00e9tropole 424 761 419 00045<br \/>\nAPE code 6202A VAT number: FR 22 424 761 419<br \/>\nHead office: 2 rue Kellermann 59100 Roubaix France<br \/>\nDirector of publication: Octave KLABA<br \/>\nTelephone: 1007<\/p>","protected":false},"excerpt":{"rendered":"<p>OWNER OF THE WEBSITE Company name: Little Giant Modular Address of the head office: 149 Avenue du Maine, 75014 Paris Manager: Mr. Patrick Barri\u00e8re THE EDITOR OF THE WEBSITE Pierre Prat 20 rue Herm\u00e8s, 31520 Ramonville EDITORIAL MANAGER OF THE WEBSITE Responsible for publication: Monsieur Barri\u00e8re Editorial manager: Monsieur Barri\u00e8re HOSTING [\u2026]<\/p>","protected":false},"author":1,"featured_media":0,"parent":0,"menu_order":0,"comment_status":"closed","ping_status":"closed","template":"general.php","meta":{"_acf_changed":false,"footnotes":""},"class_list":["post-1322","page","type-page","status-publish","hentry"],"acf":[],"yoast_head":"<!-- This site is optimized with the Yoast SEO plugin v27.5 - https:\/\/yoast.com\/product\/yoast-seo-wordpress\/ -->\n<title>Mentions l\u00e9gales - Little Giant Modular<\/title>\n<meta name=\"description\" content=\"Et si vous choisissiez le bois pour construire votre nouveau projet immobilier ? La maison \u00e0 ossature bois pr\u00e9sente de nombreux avantages.\" \/>\n<meta name=\"robots\" content=\"index, follow, max-snippet:-1, max-image-preview:large, max-video-preview:-1\" \/>\n<link rel=\"canonical\" href=\"https:\/\/www.littlegiantmodular.fr\/en\/mentions-legales\/\" \/>\n<meta property=\"og:locale\" content=\"en_US\" \/>\n<meta property=\"og:type\" content=\"article\" \/>\n<meta property=\"og:title\" content=\"Mentions l\u00e9gales - Little Giant Modular\" \/>\n<meta property=\"og:description\" content=\"Et si vous choisissiez le bois pour construire votre nouveau projet immobilier ? La maison \u00e0 ossature bois pr\u00e9sente de nombreux avantages.\" \/>\n<meta property=\"og:url\" content=\"https:\/\/www.littlegiantmodular.fr\/en\/mentions-legales\/\" \/>\n<meta property=\"og:site_name\" content=\"Little Giant Modular\" \/>\n<meta property=\"article:modified_time\" content=\"2022-12-16T10:43:54+00:00\" \/>\n<meta name=\"twitter:card\" content=\"summary_large_image\" \/>\n<meta name=\"twitter:label1\" content=\"Est. reading time\" \/>\n\t<meta name=\"twitter:data1\" content=\"1 minute\" \/>\n<script type=\"application\/ld+json\" class=\"yoast-schema-graph\">{\"@context\":\"https:\\\/\\\/schema.org\",\"@graph\":[{\"@type\":\"WebPage\",\"@id\":\"https:\\\/\\\/www.littlegiantmodular.fr\\\/mentions-legales\\\/\",\"url\":\"https:\\\/\\\/www.littlegiantmodular.fr\\\/mentions-legales\\\/\",\"name\":\"Mentions l\u00e9gales - Little Giant Modular\",\"isPartOf\":{\"@id\":\"https:\\\/\\\/www.littlegiantmodular.fr\\\/#website\"},\"datePublished\":\"2022-12-02T13:24:40+00:00\",\"dateModified\":\"2022-12-16T10:43:54+00:00\",\"description\":\"Et si vous choisissiez le bois pour construire votre nouveau projet immobilier ? La maison \u00e0 ossature bois pr\u00e9sente de nombreux avantages.\",\"breadcrumb\":{\"@id\":\"https:\\\/\\\/www.littlegiantmodular.fr\\\/mentions-legales\\\/#breadcrumb\"},\"inLanguage\":\"en-US\",\"potentialAction\":[{\"@type\":\"ReadAction\",\"target\":[\"https:\\\/\\\/www.littlegiantmodular.fr\\\/mentions-legales\\\/\"]}]},{\"@type\":\"BreadcrumbList\",\"@id\":\"https:\\\/\\\/www.littlegiantmodular.fr\\\/mentions-legales\\\/#breadcrumb\",\"itemListElement\":[{\"@type\":\"ListItem\",\"position\":1,\"name\":\"Accueil\",\"item\":\"https:\\\/\\\/www.littlegiantmodular.fr\\\/\"},{\"@type\":\"ListItem\",\"position\":2,\"name\":\"Mentions l\u00e9gales\"}]},{\"@type\":\"WebSite\",\"@id\":\"https:\\\/\\\/www.littlegiantmodular.fr\\\/#website\",\"url\":\"https:\\\/\\\/www.littlegiantmodular.fr\\\/\",\"name\":\"Little Giant Modular\",\"description\":\"\",\"publisher\":{\"@id\":\"https:\\\/\\\/www.littlegiantmodular.fr\\\/#organization\"},\"potentialAction\":[{\"@type\":\"SearchAction\",\"target\":{\"@type\":\"EntryPoint\",\"urlTemplate\":\"https:\\\/\\\/www.littlegiantmodular.fr\\\/?s={search_term_string}\"},\"query-input\":{\"@type\":\"PropertyValueSpecification\",\"valueRequired\":true,\"valueName\":\"search_term_string\"}}],\"inLanguage\":\"en-US\"},{\"@type\":\"Organization\",\"@id\":\"https:\\\/\\\/www.littlegiantmodular.fr\\\/#organization\",\"name\":\"Little Giant Modular\",\"url\":\"https:\\\/\\\/www.littlegiantmodular.fr\\\/\",\"logo\":{\"@type\":\"ImageObject\",\"inLanguage\":\"en-US\",\"@id\":\"https:\\\/\\\/www.littlegiantmodular.fr\\\/#\\\/schema\\\/logo\\\/image\\\/\",\"url\":\"http:\\\/\\\/dev.easywood.fr\\\/wp-content\\\/uploads\\\/2022\\\/11\\\/logo.png\",\"contentUrl\":\"http:\\\/\\\/dev.easywood.fr\\\/wp-content\\\/uploads\\\/2022\\\/11\\\/logo.png\",\"width\":120,\"height\":119,\"caption\":\"Little Giant Modular\"},\"image\":{\"@id\":\"https:\\\/\\\/www.littlegiantmodular.fr\\\/#\\\/schema\\\/logo\\\/image\\\/\"}}]}<\/script>\n<!-- \/ Yoast SEO plugin. -->","yoast_head_json":{"title":"Mentions l\u00e9gales - Little Giant Modular","description":"Et si vous choisissiez le bois pour construire votre nouveau projet immobilier ? La maison \u00e0 ossature bois pr\u00e9sente de nombreux avantages.","robots":{"index":"index","follow":"follow","max-snippet":"max-snippet:-1","max-image-preview":"max-image-preview:large","max-video-preview":"max-video-preview:-1"},"canonical":"https:\/\/www.littlegiantmodular.fr\/en\/mentions-legales\/","og_locale":"en_US","og_type":"article","og_title":"Mentions l\u00e9gales - Little Giant Modular","og_description":"Et si vous choisissiez le bois pour construire votre nouveau projet immobilier ? La maison \u00e0 ossature bois pr\u00e9sente de nombreux avantages.","og_url":"https:\/\/www.littlegiantmodular.fr\/en\/mentions-legales\/","og_site_name":"Little Giant Modular","article_modified_time":"2022-12-16T10:43:54+00:00","twitter_card":"summary_large_image","twitter_misc":{"Est. reading time":"1 minute"},"schema":{"@context":"https:\/\/schema.org","@graph":[{"@type":"WebPage","@id":"https:\/\/www.littlegiantmodular.fr\/mentions-legales\/","url":"https:\/\/www.littlegiantmodular.fr\/mentions-legales\/","name":"Mentions l\u00e9gales - Little Giant Modular","isPartOf":{"@id":"https:\/\/www.littlegiantmodular.fr\/#website"},"datePublished":"2022-12-02T13:24:40+00:00","dateModified":"2022-12-16T10:43:54+00:00","description":"Et si vous choisissiez le bois pour construire votre nouveau projet immobilier ? La maison \u00e0 ossature bois pr\u00e9sente de nombreux avantages.","breadcrumb":{"@id":"https:\/\/www.littlegiantmodular.fr\/mentions-legales\/#breadcrumb"},"inLanguage":"en-US","potentialAction":[{"@type":"ReadAction","target":["https:\/\/www.littlegiantmodular.fr\/mentions-legales\/"]}]},{"@type":"BreadcrumbList","@id":"https:\/\/www.littlegiantmodular.fr\/mentions-legales\/#breadcrumb","itemListElement":[{"@type":"ListItem","position":1,"name":"Accueil","item":"https:\/\/www.littlegiantmodular.fr\/"},{"@type":"ListItem","position":2,"name":"Mentions l\u00e9gales"}]},{"@type":"WebSite","@id":"https:\/\/www.littlegiantmodular.fr\/#website","url":"https:\/\/www.littlegiantmodular.fr\/","name":"Little Giant Modular","description":"","publisher":{"@id":"https:\/\/www.littlegiantmodular.fr\/#organization"},"potentialAction":[{"@type":"SearchAction","target":{"@type":"EntryPoint","urlTemplate":"https:\/\/www.littlegiantmodular.fr\/?s={search_term_string}"},"query-input":{"@type":"PropertyValueSpecification","valueRequired":true,"valueName":"search_term_string"}}],"inLanguage":"en-US"},{"@type":"Organization","@id":"https:\/\/www.littlegiantmodular.fr\/#organization","name":"Little Giant Modular","url":"https:\/\/www.littlegiantmodular.fr\/","logo":{"@type":"ImageObject","inLanguage":"en-US","@id":"https:\/\/www.littlegiantmodular.fr\/#\/schema\/logo\/image\/","url":"http:\/\/dev.easywood.fr\/wp-content\/uploads\/2022\/11\/logo.png","contentUrl":"http:\/\/dev.easywood.fr\/wp-content\/uploads\/2022\/11\/logo.png","width":120,"height":119,"caption":"Little Giant Modular"},"image":{"@id":"https:\/\/www.littlegiantmodular.fr\/#\/schema\/logo\/image\/"}}]}},"_links":{"self":[{"href":"https:\/\/www.littlegiantmodular.fr\/en\/wp-json\/wp\/v2\/pages\/1322","targetHints":{"allow":["GET"]}}],"collection":[{"href":"https:\/\/www.littlegiantmodular.fr\/en\/wp-json\/wp\/v2\/pages"}],"about":[{"href":"https:\/\/www.littlegiantmodular.fr\/en\/wp-json\/wp\/v2\/types\/page"}],"author":[{"embeddable":true,"href":"https:\/\/www.littlegiantmodular.fr\/en\/wp-json\/wp\/v2\/users\/1"}],"replies":[{"embeddable":true,"href":"https:\/\/www.littlegiantmodular.fr\/en\/wp-json\/wp\/v2\/comments?post=1322"}],"version-history":[{"count":5,"href":"https:\/\/www.littlegiantmodular.fr\/en\/wp-json\/wp\/v2\/pages\/1322\/revisions"}],"predecessor-version":[{"id":1456,"href":"https:\/\/www.littlegiantmodular.fr\/en\/wp-json\/wp\/v2\/pages\/1322\/revisions\/1456"}],"wp:attachment":[{"href":"https:\/\/www.littlegiantmodular.fr\/en\/wp-json\/wp\/v2\/media?parent=1322"}],"curies":[{"name":"wp","href":"https:\/\/api.w.org\/{rel}","templated":true}]}}